{"id":226,"date":"2024-11-25T20:55:22","date_gmt":"2024-11-25T20:55:22","guid":{"rendered":"https:\/\/juliangilewski.com\/?page_id=226"},"modified":"2025-03-29T10:54:15","modified_gmt":"2025-03-29T10:54:15","slug":"repertoire","status":"publish","type":"page","link":"https:\/\/juliangilewski.com\/pl\/repertoire\/","title":{"rendered":"Repertuar"},"content":{"rendered":"<div style=\"height:45px\" aria-hidden=\"true\" class=\"wp-block-spacer\"><\/div>\n\n\n\n<h2 class=\"wp-block-heading has-text-align-center has-menu-color-color has-text-color has-link-color wp-elements-18585ebf222e75aa1a26866f07451508\">LISTA WYKONYWANYCH I STUDIOWANYCH DZIE\u0141<\/h2>\n\n\n\n<div style=\"height:100px\" aria-hidden=\"true\" class=\"wp-block-spacer\"><\/div>\n\n\n\n<h3 class=\"wp-block-heading has-text-align-center\">Bartok<\/h3>\n\n\n\n<p class=\"has-text-align-center\">\u201eMiraculus Mandrain\u201d (suite)<\/p>\n\n\n\n<p class=\"has-text-align-center\">Bluebeard\u2019s Castle (opera)<\/p>\n\n\n\n<div style=\"height:15px\" aria-hidden=\"true\" class=\"wp-block-spacer\"><\/div>\n\n\n\n<h3 class=\"wp-block-heading has-text-align-center\">Barber<\/h3>\n\n\n\n<p class=\"has-text-align-center\">Adagio for strings<\/p>\n\n\n\n<div style=\"height:15px\" aria-hidden=\"true\" class=\"wp-block-spacer\"><\/div>\n\n\n\n<h3 class=\"wp-block-heading has-text-align-center\">Beethoven<\/h3>\n\n\n\n<p class=\"has-text-align-center\">Symphony No. 1<\/p>\n\n\n\n<p class=\"has-text-align-center\">Symphony No. 2<\/p>\n\n\n\n<p class=\"has-text-align-center\">Symphony No. 3<\/p>\n\n\n\n<p class=\"has-text-align-center\">Symphony No. 4<\/p>\n\n\n\n<p class=\"has-text-align-center\">Symphony No. 5<\/p>\n\n\n\n<p class=\"has-text-align-center\">Symphony No. 7<\/p>\n\n\n\n<p class=\"has-text-align-center\">Symphony No. 8<\/p>\n\n\n\n<p class=\"has-text-align-center\">Piano concerto No. 3<\/p>\n\n\n\n<p class=\"has-text-align-center\">Coriolan overture<\/p>\n\n\n\n<p class=\"has-text-align-center\">Egmont overture<\/p>\n\n\n\n<p class=\"has-text-align-center\">Leonore No. 3 overture<\/p>\n\n\n\n<div style=\"height:15px\" aria-hidden=\"true\" class=\"wp-block-spacer\"><\/div>\n\n\n\n<h3 class=\"wp-block-heading has-text-align-center\">Berlioz<\/h3>\n\n\n\n<p class=\"has-text-align-center\">Symphonie fantastique<\/p>\n\n\n\n<div style=\"height:15px\" aria-hidden=\"true\" class=\"wp-block-spacer\"><\/div>\n\n\n\n<h3 class=\"wp-block-heading has-text-align-center\">Bernstein<\/h3>\n\n\n\n<p class=\"has-text-align-center\">\u201eSymphonic Dances&#8221; from the West Side Story<\/p>\n\n\n\n<div style=\"height:15px\" aria-hidden=\"true\" class=\"wp-block-spacer\"><\/div>\n\n\n\n<h3 class=\"wp-block-heading has-text-align-center\">Bizet<\/h3>\n\n\n\n<p class=\"has-text-align-center\">Carmen (opera)<\/p>\n\n\n\n<div style=\"height:15px\" aria-hidden=\"true\" class=\"wp-block-spacer\"><\/div>\n\n\n\n<h3 class=\"wp-block-heading has-text-align-center\">Brahms<\/h3>\n\n\n\n<p class=\"has-text-align-center\">Symphony No. 1<\/p>\n\n\n\n<p class=\"has-text-align-center\">Symphony No. 2<\/p>\n\n\n\n<p class=\"has-text-align-center\">Symphony No. 3<\/p>\n\n\n\n<p class=\"has-text-align-center\">Symphony No. 4<\/p>\n\n\n\n<p class=\"has-text-align-center\">Academic overture<\/p>\n\n\n\n<p class=\"has-text-align-center\">Haydn variations<\/p>\n\n\n\n<div style=\"height:15px\" aria-hidden=\"true\" class=\"wp-block-spacer\"><\/div>\n\n\n\n<h3 class=\"wp-block-heading has-text-align-center\">Bruckner<\/h3>\n\n\n\n<p class=\"has-text-align-center\">Symphony No. 7<\/p>\n\n\n\n<div style=\"height:15px\" aria-hidden=\"true\" class=\"wp-block-spacer\"><\/div>\n\n\n\n<h3 class=\"wp-block-heading has-text-align-center\">Chausson<\/h3>\n\n\n\n<p class=\"has-text-align-center\">Poem op. 25 for violin and orchestra<\/p>\n\n\n\n<div style=\"height:15px\" aria-hidden=\"true\" class=\"wp-block-spacer\"><\/div>\n\n\n\n<h3 class=\"wp-block-heading has-text-align-center\">Chopin<\/h3>\n\n\n\n<p class=\"has-text-align-center\">Piano concerto No. 1 e minor<\/p>\n\n\n\n<p class=\"has-text-align-center\">Piano concerto No. 2 f minor<\/p>\n\n\n\n<div style=\"height:15px\" aria-hidden=\"true\" class=\"wp-block-spacer\"><\/div>\n\n\n\n<h3 class=\"wp-block-heading has-text-align-center\">Debussy<\/h3>\n\n\n\n<p class=\"has-text-align-center\">Pr\u00e9lude \u00e0 l&#8217;apr\u00e8s-midi d&#8217;un faune<\/p>\n\n\n\n<div style=\"height:15px\" aria-hidden=\"true\" class=\"wp-block-spacer\"><\/div>\n\n\n\n<h3 class=\"wp-block-heading has-text-align-center\">Dvorak<\/h3>\n\n\n\n<p class=\"has-text-align-center\">Symphony No. 8<\/p>\n\n\n\n<p class=\"has-text-align-center\">Symphony No. 9<\/p>\n\n\n\n<div style=\"height:15px\" aria-hidden=\"true\" class=\"wp-block-spacer\"><\/div>\n\n\n\n<h3 class=\"wp-block-heading has-text-align-center\">De Falla<\/h3>\n\n\n\n<p class=\"has-text-align-center\">El Amor Brujo (suite)<\/p>\n\n\n\n<div style=\"height:15px\" aria-hidden=\"true\" class=\"wp-block-spacer\"><\/div>\n\n\n\n<h3 class=\"wp-block-heading has-text-align-center\">Franck<\/h3>\n\n\n\n<p class=\"has-text-align-center\">Le chausser Maudit<\/p>\n\n\n\n<p class=\"has-text-align-center\">Symphony in d minor<\/p>\n\n\n\n<div style=\"height:15px\" aria-hidden=\"true\" class=\"wp-block-spacer\"><\/div>\n\n\n\n<h3 class=\"wp-block-heading has-text-align-center\">Grieg<\/h3>\n\n\n\n<p class=\"has-text-align-center\">Peer Gynt Suite No. 1<\/p>\n\n\n\n<p class=\"has-text-align-center\">Holberg Suite<\/p>\n\n\n\n<div style=\"height:15px\" aria-hidden=\"true\" class=\"wp-block-spacer\"><\/div>\n\n\n\n<h3 class=\"wp-block-heading has-text-align-center\">Haydn<\/h3>\n\n\n\n<p class=\"has-text-align-center\">Symphony No. 104<\/p>\n\n\n\n<div style=\"height:15px\" aria-hidden=\"true\" class=\"wp-block-spacer\"><\/div>\n\n\n\n<h3 class=\"wp-block-heading has-text-align-center\">Holst<\/h3>\n\n\n\n<p class=\"has-text-align-center\">The Planets<\/p>\n\n\n\n<div style=\"height:15px\" aria-hidden=\"true\" class=\"wp-block-spacer\"><\/div>\n\n\n\n<h3 class=\"wp-block-heading has-text-align-center\">Kar\u0142owicz<\/h3>\n\n\n\n<p class=\"has-text-align-center\">Serenade for strings op. 2<\/p>\n\n\n\n<p class=\"has-text-align-center\">Bianca da Molena op.6<\/p>\n\n\n\n<p class=\"has-text-align-center\">Violin concerto op. 8<\/p>\n\n\n\n<p class=\"has-text-align-center\">Eternal songs op. 10<\/p>\n\n\n\n<p class=\"has-text-align-center\">Lithuanian rapsody op. 11<\/p>\n\n\n\n<div style=\"height:15px\" aria-hidden=\"true\" class=\"wp-block-spacer\"><\/div>\n\n\n\n<h3 class=\"wp-block-heading has-text-align-center\">Kilar<\/h3>\n\n\n\n<p class=\"has-text-align-center\">Orawa<\/p>\n\n\n\n<p class=\"has-text-align-center\">Ko\u015bcielec 1909<\/p>\n\n\n\n<p class=\"has-text-align-center\">Piano Concerto<\/p>\n\n\n\n<div style=\"height:15px\" aria-hidden=\"true\" class=\"wp-block-spacer\"><\/div>\n\n\n\n<h3 class=\"wp-block-heading has-text-align-center\">Liszt<\/h3>\n\n\n\n<p class=\"has-text-align-center\">Les Preludes<\/p>\n\n\n\n<div style=\"height:15px\" aria-hidden=\"true\" class=\"wp-block-spacer\"><\/div>\n\n\n\n<h3 class=\"wp-block-heading has-text-align-center\">Lutos\u0142awski<\/h3>\n\n\n\n<p class=\"has-text-align-center\">Concerto for orchestra<\/p>\n\n\n\n<p class=\"has-text-align-center\">Little Suite<\/p>\n\n\n\n<div style=\"height:15px\" aria-hidden=\"true\" class=\"wp-block-spacer\"><\/div>\n\n\n\n<h3 class=\"wp-block-heading has-text-align-center\">Mahler<\/h3>\n\n\n\n<p class=\"has-text-align-center\">Symphony No. 4<\/p>\n\n\n\n<p class=\"has-text-align-center\">R\u00fcckert-Lieder<\/p>\n\n\n\n<div style=\"height:15px\" aria-hidden=\"true\" class=\"wp-block-spacer\"><\/div>\n\n\n\n<h3 class=\"wp-block-heading has-text-align-center\">Mendelssohn<\/h3>\n\n\n\n<p class=\"has-text-align-center\">Symphony No. 3 \u201eScottish\u201d<\/p>\n\n\n\n<p class=\"has-text-align-center\">Symphony No. 4 \u201eItalian\u201d<\/p>\n\n\n\n<p class=\"has-text-align-center\">Violin concerto e minor<\/p>\n\n\n\n<p class=\"has-text-align-center\">Hebrides Overture<\/p>\n\n\n\n<div style=\"height:15px\" aria-hidden=\"true\" class=\"wp-block-spacer\"><\/div>\n\n\n\n<h3 class=\"wp-block-heading has-text-align-center\">Moniuszko<\/h3>\n\n\n\n<p class=\"has-text-align-center\">Bajka (fairytale)<\/p>\n\n\n\n<div style=\"height:15px\" aria-hidden=\"true\" class=\"wp-block-spacer\"><\/div>\n\n\n\n<h3 class=\"wp-block-heading has-text-align-center\">Mozart<\/h3>\n\n\n\n<p class=\"has-text-align-center has-josefin-sans-font-family\">Symphony No. 29<\/p>\n\n\n\n<p class=\"has-text-align-center has-josefin-sans-font-family\">Symphony No. 36<\/p>\n\n\n\n<p class=\"has-text-align-center has-josefin-sans-font-family\">Symphony No. 39<\/p>\n\n\n\n<p class=\"has-text-align-center has-josefin-sans-font-family\">Symphony No. 40<\/p>\n\n\n\n<p class=\"has-text-align-center has-josefin-sans-font-family\">Symphony No. 41<\/p>\n\n\n\n<p class=\"has-text-align-center has-josefin-sans-font-family\">Requiem KV 626<\/p>\n\n\n\n<p class=\"has-text-align-center has-josefin-sans-font-family\">Overture to Don Giovanni<\/p>\n\n\n\n<p class=\"has-text-align-center has-josefin-sans-font-family\">Overture to Le nozze di figaro<\/p>\n\n\n\n<div style=\"height:15px\" aria-hidden=\"true\" class=\"wp-block-spacer\"><\/div>\n\n\n\n<h3 class=\"wp-block-heading has-text-align-center\">Mussorgsky-Ravel<\/h3>\n\n\n\n<p class=\"has-text-align-center has-josefin-sans-font-family\">Pictures at an Exhibition<\/p>\n\n\n\n<div style=\"height:15px\" aria-hidden=\"true\" class=\"wp-block-spacer\"><\/div>\n\n\n\n<h3 class=\"wp-block-heading has-text-align-center\">Puccini<\/h3>\n\n\n\n<p class=\"has-text-align-center\">La Boheme (opera)<\/p>\n\n\n\n<p class=\"has-text-align-center\">Gianni Schicchi (opera)<\/p>\n\n\n\n<div style=\"height:15px\" aria-hidden=\"true\" class=\"wp-block-spacer\"><\/div>\n\n\n\n<h3 class=\"wp-block-heading has-text-align-center\">Ravel<\/h3>\n\n\n\n<p class=\"has-text-align-center\">Pavane pour une infante d\u00e9funte<\/p>\n\n\n\n<p class=\"has-text-align-center\">Ma m\u00e8re l\u2019Oye (suite)<\/p>\n\n\n\n<div style=\"height:15px\" aria-hidden=\"true\" class=\"wp-block-spacer\"><\/div>\n\n\n\n<h3 class=\"wp-block-heading has-text-align-center\">Rimski-Korsakow<\/h3>\n\n\n\n<p class=\"has-text-align-center\">Sheherezade<\/p>\n\n\n\n<div style=\"height:15px\" aria-hidden=\"true\" class=\"wp-block-spacer\"><\/div>\n\n\n\n<h3 class=\"wp-block-heading has-text-align-center\">Saint Saens<\/h3>\n\n\n\n<p class=\"has-text-align-center\">Symphony No. 3 \u201eOrgan\u201d<\/p>\n\n\n\n<p class=\"has-text-align-center\">Piano concerto No. 2<\/p>\n\n\n\n<div style=\"height:15px\" aria-hidden=\"true\" class=\"wp-block-spacer\"><\/div>\n\n\n\n<h3 class=\"wp-block-heading has-text-align-center\">Schubert<\/h3>\n\n\n\n<p class=\"has-text-align-center\">Symphony No. 5<\/p>\n\n\n\n<p class=\"has-text-align-center\">Symphony No. 7 \u201eUnfinished&#8221;<\/p>\n\n\n\n<div style=\"height:15px\" aria-hidden=\"true\" class=\"wp-block-spacer\"><\/div>\n\n\n\n<h3 class=\"wp-block-heading has-text-align-center\">Schumann<\/h3>\n\n\n\n<p class=\"has-text-align-center\">Symphony No. 1<\/p>\n\n\n\n<p class=\"has-text-align-center\">Symphony No. 4<\/p>\n\n\n\n<div style=\"height:15px\" aria-hidden=\"true\" class=\"wp-block-spacer\"><\/div>\n\n\n\n<h3 class=\"wp-block-heading has-text-align-center\">Sibelius<\/h3>\n\n\n\n<p class=\"has-text-align-center\">Symphony No. 1<\/p>\n\n\n\n<p class=\"has-text-align-center\">Violin concerto d minor<\/p>\n\n\n\n<div style=\"height:15px\" aria-hidden=\"true\" class=\"wp-block-spacer\"><\/div>\n\n\n\n<h3 class=\"wp-block-heading has-text-align-center\">Shostakovich<\/h3>\n\n\n\n<p class=\"has-text-align-center\">Symphony No. 1<\/p>\n\n\n\n<p class=\"has-text-align-center\">Symphony No. 5<\/p>\n\n\n\n<p class=\"has-text-align-center\">Symphony No. 9<\/p>\n\n\n\n<div style=\"height:15px\" aria-hidden=\"true\" class=\"wp-block-spacer\"><\/div>\n\n\n\n<h3 class=\"wp-block-heading has-text-align-center\">R. Strauss<\/h3>\n\n\n\n<p class=\"has-text-align-center\">Tod und Verkl\u00e4rung<\/p>\n\n\n\n<p class=\"has-text-align-center\">Till Eulenspiegel<\/p>\n\n\n\n<p class=\"has-text-align-center\">4 letzte lieder<\/p>\n\n\n\n<div style=\"height:15px\" aria-hidden=\"true\" class=\"wp-block-spacer\"><\/div>\n\n\n\n<h3 class=\"wp-block-heading has-text-align-center\">Stravinsky<\/h3>\n\n\n\n<p class=\"has-text-align-center has-josefin-sans-font-family\">Firebird suite 1919<\/p>\n\n\n\n<p class=\"has-text-align-center has-josefin-sans-font-family\">L\u2019Histoire du Soldat<\/p>\n\n\n\n<div style=\"height:15px\" aria-hidden=\"true\" class=\"wp-block-spacer\"><\/div>\n\n\n\n<h3 class=\"wp-block-heading has-text-align-center\">Tchaikovsky<\/h3>\n\n\n\n<p class=\"has-text-align-center has-josefin-sans-font-family\">Symphony No. 4<\/p>\n\n\n\n<p class=\"has-text-align-center has-josefin-sans-font-family\">Symphony No. 5<\/p>\n\n\n\n<p class=\"has-text-align-center\">Symphony No. 6 &#8220;Pathetique&#8221;<\/p>\n\n\n\n<p class=\"has-text-align-center has-josefin-sans-font-family\">Romeo and Juliet Overture<\/p>\n\n\n\n<p class=\"has-text-align-center has-josefin-sans-font-family\">Swan Lake (suite)<\/p>\n\n\n\n<p class=\"has-text-align-center has-josefin-sans-font-family\">Nutcracker (suite)<\/p>\n\n\n\n<div style=\"height:15px\" aria-hidden=\"true\" class=\"wp-block-spacer\"><\/div>\n\n\n\n<h3 class=\"wp-block-heading has-text-align-center\">Verdi<\/h3>\n\n\n\n<p class=\"has-text-align-center has-josefin-sans-font-family\">Traviata (opera)<\/p>\n\n\n\n<p class=\"has-text-align-center has-josefin-sans-font-family\">Overture to La forza del destino<\/p>\n\n\n\n<p class=\"has-text-align-center has-josefin-sans-font-family\">Overture to Nabucco<\/p>\n\n\n\n<div style=\"height:15px\" aria-hidden=\"true\" class=\"wp-block-spacer\"><\/div>\n\n\n\n<h3 class=\"wp-block-heading has-text-align-center\">Wagner<\/h3>\n\n\n\n<p class=\"has-text-align-center has-josefin-sans-font-family\">Prelude and Liebestod from Tristan und Isolde<\/p>\n\n\n\n<div style=\"height:15px\" aria-hidden=\"true\" class=\"wp-block-spacer\"><\/div>\n\n\n\n<h3 class=\"wp-block-heading has-text-align-center\">Weber<\/h3>\n\n\n\n<p class=\"has-text-align-center has-josefin-sans-font-family\">Overture to Der Freisch\u00fctz<\/p>\n\n\n\n<p class=\"has-text-align-center has-josefin-sans-font-family\">Overture to Oberon<\/p>\n\n\n\n<p><\/p>","protected":false},"excerpt":{"rendered":"<p>LIST OF PERFORMED AND STUDIED WORKS Bartok \u201eMiraculus Mandrain\u201d (suite) Bluebeard\u2019s Castle (opera) Barber Adagio for strings Beethoven Symphony No. 1 Symphony No. 2 Symphony No. 3 Symphony No. 4 Symphony No. 5 Symphony No. 7 Symphony No. 8 Piano concerto No. 3 Coriolan overture Egmont overture Leonore No. 3 overture Berlioz Symphonie fantastique Bernstein [&hellip;]<\/p>","protected":false},"author":1,"featured_media":145,"parent":0,"menu_order":0,"comment_status":"closed","ping_status":"closed","template":"","meta":{"footnotes":""},"class_list":["post-226","page","type-page","status-publish","has-post-thumbnail","hentry"],"_links":{"self":[{"href":"https:\/\/juliangilewski.com\/pl\/wp-json\/wp\/v2\/pages\/226","targetHints":{"allow":["GET"]}}],"collection":[{"href":"https:\/\/juliangilewski.com\/pl\/wp-json\/wp\/v2\/pages"}],"about":[{"href":"https:\/\/juliangilewski.com\/pl\/wp-json\/wp\/v2\/types\/page"}],"author":[{"embeddable":true,"href":"https:\/\/juliangilewski.com\/pl\/wp-json\/wp\/v2\/users\/1"}],"replies":[{"embeddable":true,"href":"https:\/\/juliangilewski.com\/pl\/wp-json\/wp\/v2\/comments?post=226"}],"version-history":[{"count":11,"href":"https:\/\/juliangilewski.com\/pl\/wp-json\/wp\/v2\/pages\/226\/revisions"}],"predecessor-version":[{"id":654,"href":"https:\/\/juliangilewski.com\/pl\/wp-json\/wp\/v2\/pages\/226\/revisions\/654"}],"wp:featuredmedia":[{"embeddable":true,"href":"https:\/\/juliangilewski.com\/pl\/wp-json\/wp\/v2\/media\/145"}],"wp:attachment":[{"href":"https:\/\/juliangilewski.com\/pl\/wp-json\/wp\/v2\/media?parent=226"}],"curies":[{"name":"wp","href":"https:\/\/api.w.org\/{rel}","templated":true}]}}